{"id":124,"date":"2025-11-10T14:26:34","date_gmt":"2025-11-10T17:26:34","guid":{"rendered":"https:\/\/mpgpp.unilab.edu.br\/?page_id=124"},"modified":"2026-02-09T16:00:46","modified_gmt":"2026-02-09T19:00:46","slug":"grupos-de-pesquisa","status":"publish","type":"page","link":"https:\/\/mpgpp.unilab.edu.br\/?page_id=124","title":{"rendered":"Grupos de Pesquisa"},"content":{"rendered":"\n<ul class=\"wp-block-list\">\n<li>\u00a0Grupo Espa\u00e7o Austral<\/li>\n\n\n\n<li>Grupo  Mar\u00e9 Socioambiental<\/li>\n\n\n\n<li>Grupo \u00d3rbita &#8211; Observat\u00f3rio de Rela\u00e7\u00f5es Internacionais<\/li>\n<\/ul>\n\n\n\n<p><\/p>\n","protected":false},"excerpt":{"rendered":"","protected":false},"author":3,"featured_media":0,"parent":0,"menu_order":0,"comment_status":"closed","ping_status":"closed","template":"","meta":{"footnotes":""},"class_list":["post-124","page","type-page","status-publish","hentry"],"_links":{"self":[{"href":"https:\/\/mpgpp.unilab.edu.br\/index.php?rest_route=\/wp\/v2\/pages\/124","targetHints":{"allow":["GET"]}}],"collection":[{"href":"https:\/\/mpgpp.unilab.edu.br\/index.php?rest_route=\/wp\/v2\/pages"}],"about":[{"href":"https:\/\/mpgpp.unilab.edu.br\/index.php?rest_route=\/wp\/v2\/types\/page"}],"author":[{"embeddable":true,"href":"https:\/\/mpgpp.unilab.edu.br\/index.php?rest_route=\/wp\/v2\/users\/3"}],"replies":[{"embeddable":true,"href":"https:\/\/mpgpp.unilab.edu.br\/index.php?rest_route=%2Fwp%2Fv2%2Fcomments&post=124"}],"version-history":[{"count":3,"href":"https:\/\/mpgpp.unilab.edu.br\/index.php?rest_route=\/wp\/v2\/pages\/124\/revisions"}],"predecessor-version":[{"id":250,"href":"https:\/\/mpgpp.unilab.edu.br\/index.php?rest_route=\/wp\/v2\/pages\/124\/revisions\/250"}],"wp:attachment":[{"href":"https:\/\/mpgpp.unilab.edu.br\/index.php?rest_route=%2Fwp%2Fv2%2Fmedia&parent=124"}],"curies":[{"name":"wp","href":"https:\/\/api.w.org\/{rel}","templated":true}]}}